{"id":928,"date":"2022-01-23T15:43:46","date_gmt":"2022-01-23T22:43:46","guid":{"rendered":"https:\/\/earlybirdonline.com\/?page_id=928"},"modified":"2025-08-27T11:50:51","modified_gmt":"2025-08-27T18:50:51","slug":"forms","status":"publish","type":"page","link":"https:\/\/earlybirdonline.com\/?page_id=928","title":{"rendered":"Forms"},"content":{"rendered":"<h2>Referral Form and Consents:<\/h2>\n<h3 style=\"text-align: center;\">If you are <span style=\"text-decoration: underline;\">NEW TO EARLY BIRD or RETURNING AFTER A BREAK IN SERVICE<\/span>, please fill this NEW PATIENT REFERRAL PACKET AND CONSENTS and someone will contact you in 48 business hours to see how we can help you and your family!\u00a0 <a href=\"https:\/\/form.jotform.com\/240076791626158\"><span style=\"text-decoration: underline;\"><b>CLICK HERE.<\/b><\/span><\/a><\/h3>\n<h4 style=\"text-align: center;\"><em><strong>\u00a0If our online referral form gives you trouble, p<\/strong><strong>lease call 704-846-0262 to make a referral\u00a0<\/strong><\/em><\/h4>\n<h3 dir=\"ltr\" data-placeholder=\"Translation\"><\/h3>\n<h3 id=\"tw-target-text\" class=\"tw-data-text tw-text-large tw-ta\" dir=\"ltr\" style=\"text-align: center;\" data-placeholder=\"Translation\"><span class=\"Y2IQFc\" lang=\"es\">Si es <span style=\"text-decoration: underline;\">NUEVO EN LA RESERVA ANTICIPADA o REGRESA DESPU\u00c9S DE UNA INTERRUPCI\u00d3N EN EL SERVICIO<\/span>, complete este PAQUETE DE REFERENCIA DE PACIENTE NUEVO Y CONSENTIMIENTOS y alguien se comunicar\u00e1 con usted en 48 horas h\u00e1biles para ver c\u00f3mo podemos ayudarlo a usted y a su familia, <a href=\"https:\/\/hipaa.jotform.com\/230006254465145\"><span style=\"text-decoration: underline;\"><b>\u00a0CLIC AQU\u00cd.<\/b><\/span><\/a><\/span><\/h3>\n<h4 class=\"tw-data-text tw-text-large tw-ta\" dir=\"ltr\" style=\"text-align: center;\" data-placeholder=\"Translation\"><em><span class=\"Y2IQFc\" lang=\"es\">Si nuestro formulario de referencia en l\u00ednea le causa problemas, texto 704-995-2900.<\/span><\/em><\/h4>\n<h3><\/h3>\n<p style=\"text-align: center;\">__________________________________________.<\/p>\n<h3 style=\"text-align: center;\">If you are an physicians, case manager, social worker, or an advanced medical provider wanting to make a referral for your patient\/client, please \u00a0<a href=\"https:\/\/form.jotform.com\/243224214821143\"><span style=\"text-decoration: underline;\">CLICK HERE<\/span>.<\/a>\u00a0 Be sure to fill out as many of the blanks as possible.<\/h3>\n<h3 style=\"text-align: center;\">We will still need a referral form and consents from the families should we pick up for services<\/h3>\n<p style=\"text-align: center;\">__________________________________________<\/p>\n<h2 style=\"text-align: center;\">ESTABLISHED PATIENTS<\/h2>\n<h3>Consents for established patients, <a href=\"https:\/\/form.jotform.com\/240105929609155\"><span style=\"text-decoration: underline;\"><b>CLICK HERE.<\/b><\/span><\/a><\/h3>\n<h3>Consentimientos para pacientes establecidas, <a href=\"https:\/\/hipaa.jotform.com\/223644286224052\"><span style=\"text-decoration: underline;\">\u00a0CLIC AQU\u00cd.<\/span><\/a><\/h3>\n<p style=\"text-align: center;\">__________________________________________<\/p>\n<h2 style=\"text-align: center;\"><strong><em>Current Early Bird families &#8211; if your insurance has changed, please<\/em><\/strong>\u00a0<strong><a href=\"https:\/\/form.jotform.com\/232716960418157\"><span style=\"text-decoration: underline;\"><strong>CLICK HERE<\/strong><\/span><\/a><\/strong><strong><em>\u00a0to update us! Thanks!\u00a0<\/em><\/strong><\/h2>\n<p style=\"text-align: center;\">__________________________________________<\/p>\n<h3 style=\"text-align: center;\"><span style=\"text-decoration: underline;\"><strong>Additional Documents for Existing Patients<\/strong><\/span><\/h3>\n<p style=\"text-align: center;\"><strong>Release of Healthcare information form <\/strong><b><a href=\"https:\/\/hipaa.jotform.com\/220996340860056\"><span style=\"text-decoration: underline;\">CLICK HERE.<\/span><\/a>\u00a0<\/b><span class=\"Y2IQFc\" lang=\"es\"><strong>Formulario de divulgaci\u00f3n de informaci\u00f3n m\u00e9dica<\/strong> <a href=\"https:\/\/hipaa.jotform.com\/223644149809059\"><span style=\"text-decoration: underline;\"><b>HAGA CLIC AQU\u00cd.<\/b><\/span><\/a><\/span><\/p>\n<p style=\"text-align: center;\"><strong>Preferred Provider Letter<\/strong>\u00a0<a href=\"https:\/\/hipaa.jotform.com\/222006489773057\"><span style=\"text-decoration: underline;\"><b>CLICK HERE.<\/b><\/span><\/a>\u00a0\u00a0<span class=\"Y2IQFc\" lang=\"es\"><strong>Carta de proveedor preferido<\/strong>\u00a0<a href=\"https:\/\/form.jotform.com\/223644922351050\"><u><b>HAGA CLIC AQU\u00cd.<\/b><\/u><\/a><\/span><\/p>\n<p style=\"text-align: center;\"><strong>Backpack Notebook Consent Form <\/strong><a href=\"https:\/\/form.jotform.com\/230824410716146\"><span style=\"text-decoration: underline;\"><strong>CLICK HERE.<\/strong><\/span><\/a><!--more--><\/p>\n<p style=\"text-align: center;\"><strong>Consentimiento del cuaderno para la mochila <\/strong><a href=\"https:\/\/form.jotform.com\/232498286064162\"><span style=\"text-decoration: underline;\"><strong>CLICK HERE.<\/strong><\/span><\/a><!--more--><\/p>\n<p style=\"text-align: center;\"><strong>Early Bird Confidentiality Form <\/strong><b><a href=\"https:\/\/hipaa.jotform.com\/250334713460045\"><span style=\"text-decoration: underline;\">CLICK HERE.<\/span><\/a>\u00a0<\/b><\/p>\n","protected":false},"excerpt":{"rendered":"<p>Referral Form and Consents: If you are NEW TO EARLY BIRD or RETURNING AFTER A BREAK IN SERVICE, please fill &hellip; <a href=\"https:\/\/earlybirdonline.com\/?page_id=928\" class=\"more-link\"><span class=\"more-button\">Continue Reading<span class=\"screen-reader-text\">Forms<\/span><\/span><\/a><\/p>\n","protected":false},"author":1,"featured_media":0,"parent":0,"menu_order":0,"comment_status":"closed","ping_status":"closed","template":"","meta":{"footnotes":""},"class_list":["post-928","page","type-page","status-publish","hentry"],"_links":{"self":[{"href":"https:\/\/earlybirdonline.com\/index.php?rest_route=\/wp\/v2\/pages\/928","targetHints":{"allow":["GET"]}}],"collection":[{"href":"https:\/\/earlybirdonline.com\/index.php?rest_route=\/wp\/v2\/pages"}],"about":[{"href":"https:\/\/earlybirdonline.com\/index.php?rest_route=\/wp\/v2\/types\/page"}],"author":[{"embeddable":true,"href":"https:\/\/earlybirdonline.com\/index.php?rest_route=\/wp\/v2\/users\/1"}],"replies":[{"embeddable":true,"href":"https:\/\/earlybirdonline.com\/index.php?rest_route=%2Fwp%2Fv2%2Fcomments&post=928"}],"version-history":[{"count":60,"href":"https:\/\/earlybirdonline.com\/index.php?rest_route=\/wp\/v2\/pages\/928\/revisions"}],"predecessor-version":[{"id":932,"href":"https:\/\/earlybirdonline.com\/index.php?rest_route=\/wp\/v2\/pages\/928\/revisions\/932"}],"wp:attachment":[{"href":"https:\/\/earlybirdonline.com\/index.php?rest_route=%2Fwp%2Fv2%2Fmedia&parent=928"}],"curies":[{"name":"wp","href":"https:\/\/api.w.org\/{rel}","templated":true}]}}